{"id":253,"date":"2017-09-08T15:17:21","date_gmt":"2017-09-08T15:17:21","guid":{"rendered":"https:\/\/piubellaconfeitaria.com.br\/site\/?page_id=253"},"modified":"2021-01-21T19:35:00","modified_gmt":"2021-01-21T19:35:00","slug":"doces-finos","status":"publish","type":"page","link":"https:\/\/piubellaconfeitaria.com.br\/site\/doces-finos\/","title":{"rendered":"DOCES FINOS"},"content":{"rendered":"<p>DOCES FINOS<\/p>\n<p>Uva Thompson, Envolta em Creme de Leite Condensado com Cobertura de Chocolate- N\u00e3o Cont\u00e9m Gl\u00faten &#8211; Cont\u00e9m Lactose<\/p>\n<table id=\"fancybox-title-float-wrap\" cellspacing=\"0\" cellpadding=\"0\">\n<tbody>\n<tr>\n<td id=\"fancybox-title-float-main\">Ameixa Recheada com Receita P&amp;B com coco fruta Leite Condensado e Caramelizado<\/td>\n<\/tr>\n<\/tbody>\n<\/table>\n<p>Coco Fruta, Ovos<\/p>\n<p><!-- {\"name\":\"\",\"type\":\"layout\",\"children\":[{\"name\":\"Menu\",\"type\":\"section\",\"props\":{\"style\":\"default\",\"width\":\"default\",\"image_position\":\"center-center\",\"padding\":\"large\",\"animation\":\"fade\",\"animation_delay\":false,\"image\":\"wp-content\\\/uploads\\\/piu-page-doce-bg-2.jpg\",\"image_visibility\":\"\",\"vertical_align\":\"middle\",\"title_position\":\"top-left\",\"title_rotation\":\"left\",\"title_breakpoint\":\"xl\",\"image_size\":\"cover\",\"image_effect\":\"fixed\",\"media_overlay\":null},\"children\":[{\"name\":\"\",\"type\":\"row\",\"props\":{\"fixed_width\":\"large\",\"breakpoint\":\"m\",\"layout\":\"1-1\"},\"children\":[{\"name\":\"\",\"type\":\"column\",\"props\":{\"widths\":[\"1-1\"],\"image_position\":\"center-center\",\"style\":\"default\"},\"children\":[{\"name\":\"\",\"type\":\"headline\",\"props\":{\"title_element\":\"h1\",\"content\":\"DOCES FINOS\",\"text_align\":\"center\",\"title_style\":\"heading-primary\"}}]}]},{\"name\":\"\",\"type\":\"row\",\"props\":{\"fixed_width\":\"large\",\"breakpoint\":\"m\",\"layout\":\",\"},\"children\":[{\"name\":\"\",\"type\":\"column\",\"props\":{\"widths\":[\"\"],\"image_position\":\"center-center\"},\"children\":[{\"name\":\"\",\"type\":\"panel\",\"props\":{\"link_text\":\"Read more\",\"title_element\":\"h3\",\"meta_style\":\"meta\",\"meta_align\":\"bottom\",\"icon_ratio\":4,\"image_align\":\"right\",\"image_grid_width\":\"1-2\",\"image_breakpoint\":\"m\",\"link_style\":\"default\",\"margin\":\"default\",\"title\":\"Bombom de Uva\",\"image\":\"wp-content\\\/uploads\\\/bombom-uva.jpg\",\"content\":\"\n\n<p>Uva Thompson, Envolta em Creme de Leite Condensado com Cobertura de Chocolate- N\\u00e3o Cont\\u00e9m Gl\\u00faten - Cont\\u00e9m Lactose<\\\/p>\",\"panel_style\":\"card-primary\",\"content_style\":\"\",\"animation\":\"\",\"title_color\":\"\",\"image_card\":true,\"text_align\":\"center\",\"title_style\":\"\"}},{\"name\":\"\",\"type\":\"panel\",\"props\":{\"link_text\":\"Read more\",\"title_element\":\"h3\",\"meta_style\":\"meta\",\"meta_align\":\"bottom\",\"icon_ratio\":4,\"image_align\":\"right\",\"image_grid_width\":\"1-2\",\"image_breakpoint\":\"m\",\"link_style\":\"default\",\"margin\":\"default\",\"title\":\"Olho de Sogra Caramelizado\",\"image\":\"wp-content\\\/uploads\\\/olho-sogra.jpg\",\"content\":\"\n\n<table id=\\\"fancybox-title-float-wrap\\\" cellspacing=\\\"0\\\" cellpadding=\\\"0\\\">\\n\n\n<tbody>\\n\n\n<tr>\\n\n\n<td id=\\\"fancybox-title-float-main\\\">Ameixa Recheada com Receita P&amp;B com coco fruta Leite Condensado e Caramelizado<\\\/td>\\n<\\\/tr>\\n<\\\/tbody>\\n<\\\/table>\",\"panel_style\":\"card-primary\",\"content_style\":\"\",\"animation\":\"\",\"title_color\":\"\",\"image_card\":true,\"text_align\":\"center\",\"title_style\":\"\"}}]},{\"name\":\"\",\"type\":\"column\",\"props\":{\"widths\":[\"\"],\"image_position\":\"center-center\"},\"children\":[{\"name\":\"\",\"type\":\"panel\",\"props\":{\"link_text\":\"Read more\",\"title_element\":\"h3\",\"meta_style\":\"meta\",\"meta_align\":\"bottom\",\"icon_ratio\":4,\"image_align\":\"left\",\"image_grid_width\":\"1-2\",\"image_breakpoint\":\"m\",\"link_style\":\"default\",\"margin\":\"default\",\"title\":\"Quindin\",\"image\":\"wp-content\\\/uploads\\\/quindin.jpg\",\"content\":\"\n\n<p>Coco Fruta, Ovos<\\\/p>\",\"panel_style\":\"card-primary\",\"content_style\":\"\",\"animation\":\"\",\"title_color\":\"\",\"image_card\":true,\"text_align\":\"center\",\"title_style\":\"\"}}]}]},{\"name\":\"\",\"type\":\"row\",\"props\":{\"fixed_width\":\"large\",\"breakpoint\":\"m\",\"layout\":\"1-1\"},\"children\":[{\"name\":\"\",\"type\":\"column\",\"props\":{\"widths\":[\"1-1\"],\"image_position\":\"center-center\"},\"children\":[{\"name\":\"\",\"type\":\"image\",\"props\":{\"margin\":\"default\",\"image\":\"wp-content\\\/uploads\\\/banner-encomenda-piubella.jpg\"}}]}]}]}]} --><\/p>\n","protected":false},"excerpt":{"rendered":"<p>DOCES FINOS Uva Thompson, Envolta em Creme de Leite Condensado com Cobertura de Chocolate- N\u00e3o Cont\u00e9m Gl\u00faten &#8211; Cont\u00e9m Lactose Ameixa Recheada com Receita P&amp;B com coco fruta Leite Condensado e Caramelizado Coco Fruta, Ovos<\/p>\n","protected":false},"author":1,"featured_media":0,"parent":0,"menu_order":0,"comment_status":"closed","ping_status":"closed","template":"","meta":{"_joinchat":[],"footnotes":""},"class_list":["post-253","page","type-page","status-publish","hentry"],"yoast_head":"<!-- This site is optimized with the Yoast SEO plugin v27.6 - https:\/\/yoast.com\/product\/yoast-seo-wordpress\/ -->\n<title>DOCES FINOS - Pi\u00f9 Bella - Do\u00e7aria e Confeitaria<\/title>\n<meta name=\"robots\" content=\"index, follow, max-snippet:-1, max-image-preview:large, max-video-preview:-1\" \/>\n<link rel=\"canonical\" href=\"https:\/\/piubellaconfeitaria.com.br\/site\/doces-finos\/\" \/>\n<meta property=\"og:locale\" content=\"pt_BR\" \/>\n<meta property=\"og:type\" content=\"article\" \/>\n<meta property=\"og:title\" content=\"DOCES FINOS - Pi\u00f9 Bella - Do\u00e7aria e Confeitaria\" \/>\n<meta property=\"og:description\" content=\"DOCES FINOS Uva Thompson, Envolta em Creme de Leite Condensado com Cobertura de Chocolate- N\u00e3o Cont\u00e9m Gl\u00faten &#8211; Cont\u00e9m Lactose Ameixa Recheada com Receita P&amp;B com coco fruta Leite Condensado e Caramelizado Coco Fruta, Ovos\" \/>\n<meta property=\"og:url\" content=\"https:\/\/piubellaconfeitaria.com.br\/site\/doces-finos\/\" \/>\n<meta property=\"og:site_name\" content=\"Pi\u00f9 Bella - Do\u00e7aria e Confeitaria\" \/>\n<meta property=\"article:publisher\" content=\"https:\/\/www.facebook.com\/piubelladoce\/\" \/>\n<meta property=\"article:modified_time\" content=\"2021-01-21T19:35:00+00:00\" \/>\n<meta name=\"twitter:card\" content=\"summary_large_image\" \/>\n<script type=\"application\/ld+json\" class=\"yoast-schema-graph\">{\"@context\":\"https:\\\/\\\/schema.org\",\"@graph\":[{\"@type\":\"WebPage\",\"@id\":\"https:\\\/\\\/piubellaconfeitaria.com.br\\\/site\\\/doces-finos\\\/\",\"url\":\"https:\\\/\\\/piubellaconfeitaria.com.br\\\/site\\\/doces-finos\\\/\",\"name\":\"DOCES FINOS - Pi\u00f9 Bella - Do\u00e7aria e Confeitaria\",\"isPartOf\":{\"@id\":\"https:\\\/\\\/piubellaconfeitaria.com.br\\\/site\\\/#website\"},\"datePublished\":\"2017-09-08T15:17:21+00:00\",\"dateModified\":\"2021-01-21T19:35:00+00:00\",\"breadcrumb\":{\"@id\":\"https:\\\/\\\/piubellaconfeitaria.com.br\\\/site\\\/doces-finos\\\/#breadcrumb\"},\"inLanguage\":\"pt-BR\",\"potentialAction\":[{\"@type\":\"ReadAction\",\"target\":[\"https:\\\/\\\/piubellaconfeitaria.com.br\\\/site\\\/doces-finos\\\/\"]}]},{\"@type\":\"BreadcrumbList\",\"@id\":\"https:\\\/\\\/piubellaconfeitaria.com.br\\\/site\\\/doces-finos\\\/#breadcrumb\",\"itemListElement\":[{\"@type\":\"ListItem\",\"position\":1,\"name\":\"In\u00edcio\",\"item\":\"https:\\\/\\\/piubellaconfeitaria.com.br\\\/site\\\/\"},{\"@type\":\"ListItem\",\"position\":2,\"name\":\"DOCES FINOS\"}]},{\"@type\":\"WebSite\",\"@id\":\"https:\\\/\\\/piubellaconfeitaria.com.br\\\/site\\\/#website\",\"url\":\"https:\\\/\\\/piubellaconfeitaria.com.br\\\/site\\\/\",\"name\":\"Pi\u00f9 Bella - Do\u00e7aria e Confeitaria\",\"description\":\"Doce finos, salgados, tortas e os melhores bolos de Valinhos.\",\"publisher\":{\"@id\":\"https:\\\/\\\/piubellaconfeitaria.com.br\\\/site\\\/#organization\"},\"potentialAction\":[{\"@type\":\"SearchAction\",\"target\":{\"@type\":\"EntryPoint\",\"urlTemplate\":\"https:\\\/\\\/piubellaconfeitaria.com.br\\\/site\\\/?s={search_term_string}\"},\"query-input\":{\"@type\":\"PropertyValueSpecification\",\"valueRequired\":true,\"valueName\":\"search_term_string\"}}],\"inLanguage\":\"pt-BR\"},{\"@type\":\"Organization\",\"@id\":\"https:\\\/\\\/piubellaconfeitaria.com.br\\\/site\\\/#organization\",\"name\":\"Pi\u00f9 Bella Confeitaria\",\"url\":\"https:\\\/\\\/piubellaconfeitaria.com.br\\\/site\\\/\",\"logo\":{\"@type\":\"ImageObject\",\"inLanguage\":\"pt-BR\",\"@id\":\"https:\\\/\\\/piubellaconfeitaria.com.br\\\/site\\\/#\\\/schema\\\/logo\\\/image\\\/\",\"url\":\"https:\\\/\\\/piubellaconfeitaria.com.br\\\/site\\\/wp-content\\\/uploads\\\/favicon.png\",\"contentUrl\":\"https:\\\/\\\/piubellaconfeitaria.com.br\\\/site\\\/wp-content\\\/uploads\\\/favicon.png\",\"width\":180,\"height\":180,\"caption\":\"Pi\u00f9 Bella Confeitaria\"},\"image\":{\"@id\":\"https:\\\/\\\/piubellaconfeitaria.com.br\\\/site\\\/#\\\/schema\\\/logo\\\/image\\\/\"},\"sameAs\":[\"https:\\\/\\\/www.facebook.com\\\/piubelladoce\\\/\"]}]}<\/script>\n<!-- \/ Yoast SEO plugin. -->","yoast_head_json":{"title":"DOCES FINOS - Pi\u00f9 Bella - Do\u00e7aria e Confeitaria","robots":{"index":"index","follow":"follow","max-snippet":"max-snippet:-1","max-image-preview":"max-image-preview:large","max-video-preview":"max-video-preview:-1"},"canonical":"https:\/\/piubellaconfeitaria.com.br\/site\/doces-finos\/","og_locale":"pt_BR","og_type":"article","og_title":"DOCES FINOS - Pi\u00f9 Bella - Do\u00e7aria e Confeitaria","og_description":"DOCES FINOS Uva Thompson, Envolta em Creme de Leite Condensado com Cobertura de Chocolate- N\u00e3o Cont\u00e9m Gl\u00faten &#8211; Cont\u00e9m Lactose Ameixa Recheada com Receita P&amp;B com coco fruta Leite Condensado e Caramelizado Coco Fruta, Ovos","og_url":"https:\/\/piubellaconfeitaria.com.br\/site\/doces-finos\/","og_site_name":"Pi\u00f9 Bella - Do\u00e7aria e Confeitaria","article_publisher":"https:\/\/www.facebook.com\/piubelladoce\/","article_modified_time":"2021-01-21T19:35:00+00:00","twitter_card":"summary_large_image","schema":{"@context":"https:\/\/schema.org","@graph":[{"@type":"WebPage","@id":"https:\/\/piubellaconfeitaria.com.br\/site\/doces-finos\/","url":"https:\/\/piubellaconfeitaria.com.br\/site\/doces-finos\/","name":"DOCES FINOS - Pi\u00f9 Bella - Do\u00e7aria e Confeitaria","isPartOf":{"@id":"https:\/\/piubellaconfeitaria.com.br\/site\/#website"},"datePublished":"2017-09-08T15:17:21+00:00","dateModified":"2021-01-21T19:35:00+00:00","breadcrumb":{"@id":"https:\/\/piubellaconfeitaria.com.br\/site\/doces-finos\/#breadcrumb"},"inLanguage":"pt-BR","potentialAction":[{"@type":"ReadAction","target":["https:\/\/piubellaconfeitaria.com.br\/site\/doces-finos\/"]}]},{"@type":"BreadcrumbList","@id":"https:\/\/piubellaconfeitaria.com.br\/site\/doces-finos\/#breadcrumb","itemListElement":[{"@type":"ListItem","position":1,"name":"In\u00edcio","item":"https:\/\/piubellaconfeitaria.com.br\/site\/"},{"@type":"ListItem","position":2,"name":"DOCES FINOS"}]},{"@type":"WebSite","@id":"https:\/\/piubellaconfeitaria.com.br\/site\/#website","url":"https:\/\/piubellaconfeitaria.com.br\/site\/","name":"Pi\u00f9 Bella - Do\u00e7aria e Confeitaria","description":"Doce finos, salgados, tortas e os melhores bolos de Valinhos.","publisher":{"@id":"https:\/\/piubellaconfeitaria.com.br\/site\/#organization"},"potentialAction":[{"@type":"SearchAction","target":{"@type":"EntryPoint","urlTemplate":"https:\/\/piubellaconfeitaria.com.br\/site\/?s={search_term_string}"},"query-input":{"@type":"PropertyValueSpecification","valueRequired":true,"valueName":"search_term_string"}}],"inLanguage":"pt-BR"},{"@type":"Organization","@id":"https:\/\/piubellaconfeitaria.com.br\/site\/#organization","name":"Pi\u00f9 Bella Confeitaria","url":"https:\/\/piubellaconfeitaria.com.br\/site\/","logo":{"@type":"ImageObject","inLanguage":"pt-BR","@id":"https:\/\/piubellaconfeitaria.com.br\/site\/#\/schema\/logo\/image\/","url":"https:\/\/piubellaconfeitaria.com.br\/site\/wp-content\/uploads\/favicon.png","contentUrl":"https:\/\/piubellaconfeitaria.com.br\/site\/wp-content\/uploads\/favicon.png","width":180,"height":180,"caption":"Pi\u00f9 Bella Confeitaria"},"image":{"@id":"https:\/\/piubellaconfeitaria.com.br\/site\/#\/schema\/logo\/image\/"},"sameAs":["https:\/\/www.facebook.com\/piubelladoce\/"]}]}},"_links":{"self":[{"href":"https:\/\/piubellaconfeitaria.com.br\/site\/wp-json\/wp\/v2\/pages\/253","targetHints":{"allow":["GET"]}}],"collection":[{"href":"https:\/\/piubellaconfeitaria.com.br\/site\/wp-json\/wp\/v2\/pages"}],"about":[{"href":"https:\/\/piubellaconfeitaria.com.br\/site\/wp-json\/wp\/v2\/types\/page"}],"author":[{"embeddable":true,"href":"https:\/\/piubellaconfeitaria.com.br\/site\/wp-json\/wp\/v2\/users\/1"}],"replies":[{"embeddable":true,"href":"https:\/\/piubellaconfeitaria.com.br\/site\/wp-json\/wp\/v2\/comments?post=253"}],"version-history":[{"count":80,"href":"https:\/\/piubellaconfeitaria.com.br\/site\/wp-json\/wp\/v2\/pages\/253\/revisions"}],"predecessor-version":[{"id":943,"href":"https:\/\/piubellaconfeitaria.com.br\/site\/wp-json\/wp\/v2\/pages\/253\/revisions\/943"}],"wp:attachment":[{"href":"https:\/\/piubellaconfeitaria.com.br\/site\/wp-json\/wp\/v2\/media?parent=253"}],"curies":[{"name":"wp","href":"https:\/\/api.w.org\/{rel}","templated":true}]}}