{"id":747,"date":"2017-11-08T18:23:02","date_gmt":"2017-11-08T18:23:02","guid":{"rendered":"https:\/\/piubellaconfeitaria.com.br\/site\/?page_id=747"},"modified":"2017-12-07T20:17:05","modified_gmt":"2017-12-07T20:17:05","slug":"contato","status":"publish","type":"page","link":"https:\/\/piubellaconfeitaria.com.br\/site\/contato\/","title":{"rendered":"Contato"},"content":{"rendered":"\n<div class=\"wpcf7 no-js\" id=\"wpcf7-f746-o1\" lang=\"en-US\" dir=\"ltr\" data-wpcf7-id=\"746\">\n<div class=\"screen-reader-response\"><p role=\"status\" aria-live=\"polite\" aria-atomic=\"true\"><\/p> <ul><\/ul><\/div>\n<form action=\"\/site\/wp-json\/wp\/v2\/pages\/747#wpcf7-f746-o1\" method=\"post\" class=\"wpcf7-form init\" aria-label=\"Contact form\" novalidate=\"novalidate\" data-status=\"init\">\n<fieldset class=\"hidden-fields-container\"><input type=\"hidden\" name=\"_wpcf7\" value=\"746\" \/><input type=\"hidden\" name=\"_wpcf7_version\" value=\"6.1.6\" \/><input type=\"hidden\" name=\"_wpcf7_locale\" value=\"en_US\" \/><input type=\"hidden\" name=\"_wpcf7_unit_tag\" value=\"wpcf7-f746-o1\" \/><input type=\"hidden\" name=\"_wpcf7_container_post\" value=\"0\" \/><input type=\"hidden\" name=\"_wpcf7_posted_data_hash\" value=\"\" \/>\n<\/fieldset>\n<p><label> Seu Nome (obrigat\u00f3rio)<br \/>\n<span class=\"wpcf7-form-control-wrap\" data-name=\"your-name\"><input size=\"40\" maxlength=\"400\" class=\"wpcf7-form-control wpcf7-text wpcf7-validates-as-required\" aria-required=\"true\" aria-invalid=\"false\" value=\"\" type=\"text\" name=\"your-name\" \/><\/span> <\/label>\n<\/p>\n<p><label> Seu E-mail (obrigat\u00f3rio)<br \/>\n<span class=\"wpcf7-form-control-wrap\" data-name=\"your-email\"><input size=\"40\" maxlength=\"400\" class=\"wpcf7-form-control wpcf7-email wpcf7-validates-as-required wpcf7-text wpcf7-validates-as-email\" aria-required=\"true\" aria-invalid=\"false\" value=\"\" type=\"email\" name=\"your-email\" \/><\/span> <\/label>\n<\/p>\n<p><label> Assunto<br \/>\n<span class=\"wpcf7-form-control-wrap\" data-name=\"your-subject\"><input size=\"40\" maxlength=\"400\" class=\"wpcf7-form-control wpcf7-text\" aria-invalid=\"false\" value=\"\" type=\"text\" name=\"your-subject\" \/><\/span> <\/label>\n<\/p>\n<p><label> Sua Mensagem<br \/>\n<span class=\"wpcf7-form-control-wrap\" data-name=\"your-message\"><textarea cols=\"40\" rows=\"10\" maxlength=\"2000\" class=\"wpcf7-form-control wpcf7-textarea\" aria-invalid=\"false\" name=\"your-message\"><\/textarea><\/span> <\/label>\n<\/p>\n<p><input class=\"wpcf7-form-control wpcf7-submit has-spinner\" type=\"submit\" value=\"Enviar\" \/>\n<\/p><div class=\"wpcf7-response-output\" aria-hidden=\"true\"><\/div>\n<\/form>\n<\/div>\n\n<div class=\"fb-page\" data-href=\"https:\/\/www.facebook.com\/piubelladoce\/\" data-tabs=\"timeline\" data-small-header=\"false\" data-adapt-container-width=\"true\" data-hide-cover=\"false\" data-show-facepile=\"true\">\n<blockquote cite=\"https:\/\/www.facebook.com\/piubelladoce\/\" class=\"fb-xfbml-parse-ignore\"><p><a href=\"https:\/\/www.facebook.com\/piubelladoce\/\">Piu Bella Do\u00e7aria<\/a><\/p><\/blockquote>\n<\/div>\n<p><!-- {\"name\":\"\",\"type\":\"layout\",\"children\":[{\"name\":\"\",\"type\":\"section\",\"props\":{\"style\":\"default\",\"width\":\"default\",\"vertical_align\":\"middle\",\"title_position\":\"top-left\",\"title_rotation\":\"left\",\"title_breakpoint\":\"xl\",\"image_position\":\"center-center\"},\"children\":[{\"name\":\"\",\"type\":\"row\",\"props\":{\"fixed_width\":\"large\",\"breakpoint\":\"m\",\"layout\":\",\"},\"children\":[{\"name\":\"\",\"type\":\"column\",\"props\":{\"widths\":[\"\"],\"image_position\":\"center-center\"},\"children\":[{\"name\":\"\",\"type\":\"html\",\"props\":{\"content\":\"[contact-form-7 id=\\\"746\\\" title=\\\"Contact form 1\\\"]\"}}]},{\"name\":\"\",\"type\":\"column\",\"props\":{\"widths\":[\"\"],\"image_position\":\"center-center\"},\"children\":[{\"name\":\"\",\"type\":\"html\",\"props\":{\"content\":\"\n\n<div class=\\\"fb-page\\\" data-href=\\\"https:\\\/\\\/www.facebook.com\\\/piubelladoce\\\/\\\" data-tabs=\\\"timeline\\\" data-small-header=\\\"false\\\" data-adapt-container-width=\\\"true\\\" data-hide-cover=\\\"false\\\" data-show-facepile=\\\"true\\\">\n\n<blockquote cite=\\\"https:\\\/\\\/www.facebook.com\\\/piubelladoce\\\/\\\" class=\\\"fb-xfbml-parse-ignore\\\"><a href=\\\"https:\\\/\\\/www.facebook.com\\\/piubelladoce\\\/\\\">Piu Bella Do\\u00e7aria<\\\/a><\\\/blockquote><\\\/div>\"}}]}]}]}]} --><\/p>\n","protected":false},"excerpt":{"rendered":"<p>Piu Bella Do\u00e7aria<\/p>\n","protected":false},"author":1,"featured_media":0,"parent":0,"menu_order":0,"comment_status":"closed","ping_status":"closed","template":"","meta":{"_joinchat":[],"footnotes":""},"class_list":["post-747","page","type-page","status-publish","hentry"],"yoast_head":"<!-- This site is optimized with the Yoast SEO plugin v27.6 - https:\/\/yoast.com\/product\/yoast-seo-wordpress\/ -->\n<title>Contato - Pi\u00f9 Bella - Do\u00e7aria e Confeitaria<\/title>\n<meta name=\"robots\" content=\"index, follow, max-snippet:-1, max-image-preview:large, max-video-preview:-1\" \/>\n<link rel=\"canonical\" href=\"https:\/\/piubellaconfeitaria.com.br\/site\/contato\/\" \/>\n<meta property=\"og:locale\" content=\"pt_BR\" \/>\n<meta property=\"og:type\" content=\"article\" \/>\n<meta property=\"og:title\" content=\"Contato - Pi\u00f9 Bella - Do\u00e7aria e Confeitaria\" \/>\n<meta property=\"og:description\" content=\"Piu Bella Do\u00e7aria\" \/>\n<meta property=\"og:url\" content=\"https:\/\/piubellaconfeitaria.com.br\/site\/contato\/\" \/>\n<meta property=\"og:site_name\" content=\"Pi\u00f9 Bella - Do\u00e7aria e Confeitaria\" \/>\n<meta property=\"article:publisher\" content=\"https:\/\/www.facebook.com\/piubelladoce\/\" \/>\n<meta property=\"article:modified_time\" content=\"2017-12-07T20:17:05+00:00\" \/>\n<meta name=\"twitter:card\" content=\"summary_large_image\" \/>\n<script type=\"application\/ld+json\" class=\"yoast-schema-graph\">{\"@context\":\"https:\\\/\\\/schema.org\",\"@graph\":[{\"@type\":\"WebPage\",\"@id\":\"https:\\\/\\\/piubellaconfeitaria.com.br\\\/site\\\/contato\\\/\",\"url\":\"https:\\\/\\\/piubellaconfeitaria.com.br\\\/site\\\/contato\\\/\",\"name\":\"Contato - Pi\u00f9 Bella - Do\u00e7aria e Confeitaria\",\"isPartOf\":{\"@id\":\"https:\\\/\\\/piubellaconfeitaria.com.br\\\/site\\\/#website\"},\"datePublished\":\"2017-11-08T18:23:02+00:00\",\"dateModified\":\"2017-12-07T20:17:05+00:00\",\"breadcrumb\":{\"@id\":\"https:\\\/\\\/piubellaconfeitaria.com.br\\\/site\\\/contato\\\/#breadcrumb\"},\"inLanguage\":\"pt-BR\",\"potentialAction\":[{\"@type\":\"ReadAction\",\"target\":[\"https:\\\/\\\/piubellaconfeitaria.com.br\\\/site\\\/contato\\\/\"]}]},{\"@type\":\"BreadcrumbList\",\"@id\":\"https:\\\/\\\/piubellaconfeitaria.com.br\\\/site\\\/contato\\\/#breadcrumb\",\"itemListElement\":[{\"@type\":\"ListItem\",\"position\":1,\"name\":\"In\u00edcio\",\"item\":\"https:\\\/\\\/piubellaconfeitaria.com.br\\\/site\\\/\"},{\"@type\":\"ListItem\",\"position\":2,\"name\":\"Contato\"}]},{\"@type\":\"WebSite\",\"@id\":\"https:\\\/\\\/piubellaconfeitaria.com.br\\\/site\\\/#website\",\"url\":\"https:\\\/\\\/piubellaconfeitaria.com.br\\\/site\\\/\",\"name\":\"Pi\u00f9 Bella - Do\u00e7aria e Confeitaria\",\"description\":\"Doce finos, salgados, tortas e os melhores bolos de Valinhos.\",\"publisher\":{\"@id\":\"https:\\\/\\\/piubellaconfeitaria.com.br\\\/site\\\/#organization\"},\"potentialAction\":[{\"@type\":\"SearchAction\",\"target\":{\"@type\":\"EntryPoint\",\"urlTemplate\":\"https:\\\/\\\/piubellaconfeitaria.com.br\\\/site\\\/?s={search_term_string}\"},\"query-input\":{\"@type\":\"PropertyValueSpecification\",\"valueRequired\":true,\"valueName\":\"search_term_string\"}}],\"inLanguage\":\"pt-BR\"},{\"@type\":\"Organization\",\"@id\":\"https:\\\/\\\/piubellaconfeitaria.com.br\\\/site\\\/#organization\",\"name\":\"Pi\u00f9 Bella Confeitaria\",\"url\":\"https:\\\/\\\/piubellaconfeitaria.com.br\\\/site\\\/\",\"logo\":{\"@type\":\"ImageObject\",\"inLanguage\":\"pt-BR\",\"@id\":\"https:\\\/\\\/piubellaconfeitaria.com.br\\\/site\\\/#\\\/schema\\\/logo\\\/image\\\/\",\"url\":\"https:\\\/\\\/piubellaconfeitaria.com.br\\\/site\\\/wp-content\\\/uploads\\\/favicon.png\",\"contentUrl\":\"https:\\\/\\\/piubellaconfeitaria.com.br\\\/site\\\/wp-content\\\/uploads\\\/favicon.png\",\"width\":180,\"height\":180,\"caption\":\"Pi\u00f9 Bella Confeitaria\"},\"image\":{\"@id\":\"https:\\\/\\\/piubellaconfeitaria.com.br\\\/site\\\/#\\\/schema\\\/logo\\\/image\\\/\"},\"sameAs\":[\"https:\\\/\\\/www.facebook.com\\\/piubelladoce\\\/\"]}]}<\/script>\n<!-- \/ Yoast SEO plugin. -->","yoast_head_json":{"title":"Contato - Pi\u00f9 Bella - Do\u00e7aria e Confeitaria","robots":{"index":"index","follow":"follow","max-snippet":"max-snippet:-1","max-image-preview":"max-image-preview:large","max-video-preview":"max-video-preview:-1"},"canonical":"https:\/\/piubellaconfeitaria.com.br\/site\/contato\/","og_locale":"pt_BR","og_type":"article","og_title":"Contato - Pi\u00f9 Bella - Do\u00e7aria e Confeitaria","og_description":"Piu Bella Do\u00e7aria","og_url":"https:\/\/piubellaconfeitaria.com.br\/site\/contato\/","og_site_name":"Pi\u00f9 Bella - Do\u00e7aria e Confeitaria","article_publisher":"https:\/\/www.facebook.com\/piubelladoce\/","article_modified_time":"2017-12-07T20:17:05+00:00","twitter_card":"summary_large_image","schema":{"@context":"https:\/\/schema.org","@graph":[{"@type":"WebPage","@id":"https:\/\/piubellaconfeitaria.com.br\/site\/contato\/","url":"https:\/\/piubellaconfeitaria.com.br\/site\/contato\/","name":"Contato - Pi\u00f9 Bella - Do\u00e7aria e Confeitaria","isPartOf":{"@id":"https:\/\/piubellaconfeitaria.com.br\/site\/#website"},"datePublished":"2017-11-08T18:23:02+00:00","dateModified":"2017-12-07T20:17:05+00:00","breadcrumb":{"@id":"https:\/\/piubellaconfeitaria.com.br\/site\/contato\/#breadcrumb"},"inLanguage":"pt-BR","potentialAction":[{"@type":"ReadAction","target":["https:\/\/piubellaconfeitaria.com.br\/site\/contato\/"]}]},{"@type":"BreadcrumbList","@id":"https:\/\/piubellaconfeitaria.com.br\/site\/contato\/#breadcrumb","itemListElement":[{"@type":"ListItem","position":1,"name":"In\u00edcio","item":"https:\/\/piubellaconfeitaria.com.br\/site\/"},{"@type":"ListItem","position":2,"name":"Contato"}]},{"@type":"WebSite","@id":"https:\/\/piubellaconfeitaria.com.br\/site\/#website","url":"https:\/\/piubellaconfeitaria.com.br\/site\/","name":"Pi\u00f9 Bella - Do\u00e7aria e Confeitaria","description":"Doce finos, salgados, tortas e os melhores bolos de Valinhos.","publisher":{"@id":"https:\/\/piubellaconfeitaria.com.br\/site\/#organization"},"potentialAction":[{"@type":"SearchAction","target":{"@type":"EntryPoint","urlTemplate":"https:\/\/piubellaconfeitaria.com.br\/site\/?s={search_term_string}"},"query-input":{"@type":"PropertyValueSpecification","valueRequired":true,"valueName":"search_term_string"}}],"inLanguage":"pt-BR"},{"@type":"Organization","@id":"https:\/\/piubellaconfeitaria.com.br\/site\/#organization","name":"Pi\u00f9 Bella Confeitaria","url":"https:\/\/piubellaconfeitaria.com.br\/site\/","logo":{"@type":"ImageObject","inLanguage":"pt-BR","@id":"https:\/\/piubellaconfeitaria.com.br\/site\/#\/schema\/logo\/image\/","url":"https:\/\/piubellaconfeitaria.com.br\/site\/wp-content\/uploads\/favicon.png","contentUrl":"https:\/\/piubellaconfeitaria.com.br\/site\/wp-content\/uploads\/favicon.png","width":180,"height":180,"caption":"Pi\u00f9 Bella Confeitaria"},"image":{"@id":"https:\/\/piubellaconfeitaria.com.br\/site\/#\/schema\/logo\/image\/"},"sameAs":["https:\/\/www.facebook.com\/piubelladoce\/"]}]}},"_links":{"self":[{"href":"https:\/\/piubellaconfeitaria.com.br\/site\/wp-json\/wp\/v2\/pages\/747","targetHints":{"allow":["GET"]}}],"collection":[{"href":"https:\/\/piubellaconfeitaria.com.br\/site\/wp-json\/wp\/v2\/pages"}],"about":[{"href":"https:\/\/piubellaconfeitaria.com.br\/site\/wp-json\/wp\/v2\/types\/page"}],"author":[{"embeddable":true,"href":"https:\/\/piubellaconfeitaria.com.br\/site\/wp-json\/wp\/v2\/users\/1"}],"replies":[{"embeddable":true,"href":"https:\/\/piubellaconfeitaria.com.br\/site\/wp-json\/wp\/v2\/comments?post=747"}],"version-history":[{"count":4,"href":"https:\/\/piubellaconfeitaria.com.br\/site\/wp-json\/wp\/v2\/pages\/747\/revisions"}],"predecessor-version":[{"id":822,"href":"https:\/\/piubellaconfeitaria.com.br\/site\/wp-json\/wp\/v2\/pages\/747\/revisions\/822"}],"wp:attachment":[{"href":"https:\/\/piubellaconfeitaria.com.br\/site\/wp-json\/wp\/v2\/media?parent=747"}],"curies":[{"name":"wp","href":"https:\/\/api.w.org\/{rel}","templated":true}]}}